{"id":912,"date":"2024-11-14T11:12:34","date_gmt":"2024-11-14T10:12:34","guid":{"rendered":"https:\/\/onecar.es\/ofertas\/?page_id=912"},"modified":"2025-08-01T12:27:10","modified_gmt":"2025-08-01T10:27:10","slug":"ofertas","status":"publish","type":"page","link":"https:\/\/onecar.es\/ofertas\/","title":{"rendered":"ofertas"},"content":{"rendered":"\t\t<div data-elementor-type=\"wp-page\" data-elementor-id=\"912\" class=\"elementor elementor-912\" data-elementor-post-type=\"page\">\n\t\t\t\t<div class=\"elementor-element elementor-element-1f237c4 e-flex e-con-boxed e-con e-parent\" data-id=\"1f237c4\" data-element_type=\"container\" data-settings=\"{&quot;background_background&quot;:&quot;classic&quot;}\">\n\t\t\t\t\t<div class=\"e-con-inner\">\n\t\t\t\t\t<\/div>\n\t\t\t\t<\/div>\n\t\t<div class=\"elementor-element elementor-element-45fb479 e-flex e-con-boxed e-con e-parent\" data-id=\"45fb479\" data-element_type=\"container\" data-settings=\"{&quot;background_background&quot;:&quot;classic&quot;}\">\n\t\t\t\t\t<div class=\"e-con-inner\">\n\t\t\t\t<div class=\"elementor-element elementor-element-b2ace53 elementor-widget elementor-widget-heading\" data-id=\"b2ace53\" data-element_type=\"widget\" data-widget_type=\"heading.default\">\n\t\t\t\t<div class=\"elementor-widget-container\">\n\t\t\t\t\t<h2 class=\"elementor-heading-title elementor-size-default\">Nuestras ofertas del mes<\/h2>\t\t\t\t<\/div>\n\t\t\t\t<\/div>\n\t\t\t\t\t<\/div>\n\t\t\t\t<\/div>\n\t\t<div class=\"elementor-element elementor-element-4e3563c e-flex e-con-boxed e-con e-parent\" data-id=\"4e3563c\" data-element_type=\"container\" data-settings=\"{&quot;background_background&quot;:&quot;classic&quot;}\">\n\t\t\t\t\t<div class=\"e-con-inner\">\n\t\t<div class=\"elementor-element elementor-element-ba59532 e-con-full e-flex e-con e-child\" data-id=\"ba59532\" data-element_type=\"container\">\n\t\t\t\t<div class=\"elementor-element elementor-element-65578a4 elementor-widget__width-initial elementor-widget elementor-widget-heading\" data-id=\"65578a4\" data-element_type=\"widget\" data-widget_type=\"heading.default\">\n\t\t\t\t<div class=\"elementor-widget-container\">\n\t\t\t\t\t<h2 class=\"elementor-heading-title elementor-size-default\">Descubre nuestra oferta de veh\u00edculos de ocasi\u00f3n y km0<\/h2>\t\t\t\t<\/div>\n\t\t\t\t<\/div>\n\t\t\t\t<div class=\"elementor-element elementor-element-32e9fbd elementor-widget__width-initial elementor-widget elementor-widget-text-editor\" data-id=\"32e9fbd\" data-element_type=\"widget\" data-widget_type=\"text-editor.default\">\n\t\t\t\t<div class=\"elementor-widget-container\">\n\t\t\t\t\t\t\t\t\t<p>Solo hay un coche para t\u00ed, en onecar.es<br \/>\u00a0los tenemos todos<\/p>\t\t\t\t\t\t\t\t<\/div>\n\t\t\t\t<\/div>\n\t\t\t\t<div class=\"elementor-element elementor-element-e422896 elementor-align-left elementor-widget elementor-widget-button\" data-id=\"e422896\" data-element_type=\"widget\" data-widget_type=\"button.default\">\n\t\t\t\t<div class=\"elementor-widget-container\">\n\t\t\t\t\t\t\t\t\t<div class=\"elementor-button-wrapper\">\n\t\t\t\t\t<a class=\"elementor-button elementor-button-link elementor-size-sm\" href=\"http:\/\/onecar.es\">\n\t\t\t\t\t\t<span class=\"elementor-button-content-wrapper\">\n\t\t\t\t\t\t\t\t\t<span class=\"elementor-button-text\">Haz clic aqu\u00ed<\/span>\n\t\t\t\t\t<\/span>\n\t\t\t\t\t<\/a>\n\t\t\t\t<\/div>\n\t\t\t\t\t\t\t\t<\/div>\n\t\t\t\t<\/div>\n\t\t\t\t<\/div>\n\t\t<div class=\"elementor-element elementor-element-70b68b2 e-con-full e-flex e-con e-child\" data-id=\"70b68b2\" data-element_type=\"container\" data-settings=\"{&quot;background_background&quot;:&quot;classic&quot;}\">\n\t\t\t\t<div class=\"elementor-element elementor-element-b6f63b4 elementor-align-left elementor-widget elementor-widget-button\" data-id=\"b6f63b4\" data-element_type=\"widget\" data-widget_type=\"button.default\">\n\t\t\t\t<div class=\"elementor-widget-container\">\n\t\t\t\t\t\t\t\t\t<div class=\"elementor-button-wrapper\">\n\t\t\t\t\t<a class=\"elementor-button elementor-button-link elementor-size-sm\" href=\"http:\/\/onecar.es\/ofertas\/onemove\">\n\t\t\t\t\t\t<span class=\"elementor-button-content-wrapper\">\n\t\t\t\t\t\t\t\t\t<span class=\"elementor-button-text\">Haz clic aqu\u00ed<\/span>\n\t\t\t\t\t<\/span>\n\t\t\t\t\t<\/a>\n\t\t\t\t<\/div>\n\t\t\t\t\t\t\t\t<\/div>\n\t\t\t\t<\/div>\n\t\t\t\t<\/div>\n\t\t\t\t\t<\/div>\n\t\t\t\t<\/div>\n\t\t\t\t<\/div>\n\t\t","protected":false},"excerpt":{"rendered":"<p>Nuestras ofertas del mes Descubre nuestra oferta de veh\u00edculos de ocasi\u00f3n y km0 Solo hay un coche para t\u00ed, en onecar.es\u00a0los tenemos todos Haz clic aqu\u00ed Haz clic aqu\u00ed<\/p>\n","protected":false},"author":2,"featured_media":0,"parent":0,"menu_order":0,"comment_status":"closed","ping_status":"closed","template":"","meta":{"_acf_changed":false,"footnotes":""},"class_list":["post-912","page","type-page","status-publish","hentry"],"acf":[],"_links":{"self":[{"href":"https:\/\/onecar.es\/ofertas\/wp-json\/wp\/v2\/pages\/912","targetHints":{"allow":["GET"]}}],"collection":[{"href":"https:\/\/onecar.es\/ofertas\/wp-json\/wp\/v2\/pages"}],"about":[{"href":"https:\/\/onecar.es\/ofertas\/wp-json\/wp\/v2\/types\/page"}],"author":[{"embeddable":true,"href":"https:\/\/onecar.es\/ofertas\/wp-json\/wp\/v2\/users\/2"}],"replies":[{"embeddable":true,"href":"https:\/\/onecar.es\/ofertas\/wp-json\/wp\/v2\/comments?post=912"}],"version-history":[{"count":64,"href":"https:\/\/onecar.es\/ofertas\/wp-json\/wp\/v2\/pages\/912\/revisions"}],"predecessor-version":[{"id":2207,"href":"https:\/\/onecar.es\/ofertas\/wp-json\/wp\/v2\/pages\/912\/revisions\/2207"}],"wp:attachment":[{"href":"https:\/\/onecar.es\/ofertas\/wp-json\/wp\/v2\/media?parent=912"}],"curies":[{"name":"wp","href":"https:\/\/api.w.org\/{rel}","templated":true}]}}