{"id":709,"date":"2024-11-11T16:15:00","date_gmt":"2024-11-11T15:15:00","guid":{"rendered":"https:\/\/onecar.es\/ofertas\/?page_id=709"},"modified":"2024-11-11T16:28:31","modified_gmt":"2024-11-11T15:28:31","slug":"politica-de-privacidad","status":"publish","type":"page","link":"https:\/\/onecar.es\/ofertas\/politica-de-privacidad\/","title":{"rendered":"Pol\u00edtica de Privacidad"},"content":{"rendered":"\t\t<div data-elementor-type=\"wp-page\" data-elementor-id=\"709\" class=\"elementor elementor-709\" data-elementor-post-type=\"page\">\n\t\t\t\t<div class=\"elementor-element elementor-element-5d9bc77 e-flex e-con-boxed e-con e-parent\" data-id=\"5d9bc77\" data-element_type=\"container\">\n\t\t\t\t\t<div class=\"e-con-inner\">\n\t\t\t\t<div class=\"elementor-element elementor-element-56f30b3 elementor-widget elementor-widget-text-editor\" data-id=\"56f30b3\" data-element_type=\"widget\" data-widget_type=\"text-editor.default\">\n\t\t\t\t<div class=\"elementor-widget-container\">\n\t\t\t\t\t\t\t\t\t<h4><span style=\"color: #000000;\">POL\u00cdTICA DE PRIVACIDAD<\/span><\/h4><h5><span style=\"color: #000000;\">\u00bfQui\u00e9n es el responsable del tratamiento de sus datos?<\/span><\/h5><p><span style=\"color: #000000;\"><strong>Identidad:\u00a0<\/strong>NIETO ASSISTANCE SL<\/span><\/p><p><span style=\"color: #000000;\"><strong>CIF:<\/strong>\u00a0B93379469<\/span><\/p><p><span style=\"color: #000000;\"><strong>Direcci\u00f3n postal:<\/strong>\u00a0<a style=\"color: #000000;\" href=\"https:\/\/goo.gl\/maps\/ik5h1gRtJoPXbF5H9\">Camino San Rafael 39<\/a><\/span><\/p><p><span style=\"color: #000000;\"><strong>Tel\u00e9fono:\u00a0<\/strong><a style=\"color: #000000;\" href=\"http:\/\/tel:952324016\/\">952 324 016<\/a><\/span><\/p><p><span style=\"color: #000000;\"><strong>Email:\u00a0<\/strong><a style=\"color: #000000;\" tabindex=\"-1\" title=\"mailto:protecciondatos@grupogna.com\" href=\"mailto:protecciondatos@grupogna.com\" target=\"_blank\" rel=\"noopener noreferrer\">protecciondatos@grupogna.com<\/a><\/span><\/p><h5><span style=\"color: #000000;\">\u00bfCon qu\u00e9 finalidad tratamos sus datos personales?<\/span><\/h5><p><span style=\"color: #000000;\">Tratamos la informaci\u00f3n que nos facilitan las personas interesadas con el fin de prestarle el servicio solicitado y\/o mantenerle informado sobre temas de su inter\u00e9s, tales como noticias, promociones.<\/span><\/p><h5><span style=\"color: #000000;\">\u00bfPor cu\u00e1nto tiempo conservaremos sus datos?<\/span><\/h5><p><span style=\"color: #000000;\">Los datos personales proporcionados se conservar\u00e1n mientras dure la prestaci\u00f3n del servicio o se revoque el consentimiento para comunicaciones comerciales y\/o para posibles responsabilidades legales.<\/span><\/p><h5><span style=\"color: #000000;\">\u00bfCu\u00e1l es la legitimaci\u00f3n para el tratamiento de sus datos?<\/span><\/h5><p><span style=\"color: #000000;\">La base legal para el tratamiento de sus datos es la prestaci\u00f3n del servicio y\/o el consentimiento del interesado.<\/span><\/p><h5><span style=\"color: #000000;\">\u00bfA qu\u00e9 destinatarios se comunicar\u00e1n sus datos?<\/span><\/h5><p><span style=\"color: #000000;\">Los datos se podr\u00e1n comunicar a las empresas del Grupo Nieto Adame.<\/span><\/p><h5><span style=\"color: #000000;\">\u00bfCu\u00e1les son sus derechos cuando nos facilita sus datos?<\/span><\/h5><p><span style=\"color: #000000;\">Cualquier persona tiene derecho a obtener confirmaci\u00f3n sobre si estamos tratando datos personales que les conciernan, o no. Las personas interesadas tienen derecho a si acceder a sus datos personales, as\u00ed como a solicitar la rectificaci\u00f3n de los datos inexactos o, en su caso, solicitar su supresi\u00f3n cuando, entre otros motivos, los datos ya no sean necesarios para los fines que fueron recogidos. En determinadas circunstancias, los interesados podr\u00e1n solicitar la limitaci\u00f3n del tratamiento de sus datos, en cuyo caso \u00fanicamente los conservaremos para el ejercicio o la defensa de reclamaciones. En determinadas circunstancias y por motivos relacionados con su situaci\u00f3n particular, los interesados podr\u00e1n oponerse al tratamiento de sus datos. En ese caso dejaremos de tratar los datos, salvo por motivos leg\u00edtimos imperiosos, o el ejercicio o la defensa de posibles reclamaciones.<\/span><\/p><p><span style=\"color: #000000;\">Tambi\u00e9n tiene derecho a tutela de la agencia espa\u00f1ola de protecci\u00f3n de datos.<\/span><\/p><h5><span style=\"color: #000000;\">\u00bfC\u00f3mo hemos obtenido sus datos?<\/span><\/h5><p><span style=\"color: #000000;\">Los datos personales que tratamos proceden del interesado.<\/span><\/p><p><span style=\"color: #000000;\">Las categor\u00edas de datos que se tratan son: Datos de identificaci\u00f3n. Direcciones postales o electr\u00f3nicas. Datos del servicio.<\/span><\/p>\t\t\t\t\t\t\t\t<\/div>\n\t\t\t\t<\/div>\n\t\t\t\t\t<\/div>\n\t\t\t\t<\/div>\n\t\t\t\t<\/div>\n\t\t","protected":false},"excerpt":{"rendered":"<p>POL\u00cdTICA DE PRIVACIDAD \u00bfQui\u00e9n es el responsable del tratamiento de sus datos? Identidad:\u00a0NIETO ASSISTANCE SL CIF:\u00a0B93379469 Direcci\u00f3n postal:\u00a0Camino San Rafael 39 Tel\u00e9fono:\u00a0952 324 016 Email:\u00a0protecciondatos@grupogna.com \u00bfCon qu\u00e9 finalidad tratamos sus datos personales? Tratamos la informaci\u00f3n que nos facilitan las personas interesadas con el fin de prestarle el servicio solicitado y\/o mantenerle informado sobre temas de [&hellip;]<\/p>\n","protected":false},"author":2,"featured_media":0,"parent":0,"menu_order":0,"comment_status":"closed","ping_status":"closed","template":"","meta":{"_acf_changed":false,"footnotes":""},"class_list":["post-709","page","type-page","status-publish","hentry"],"acf":[],"_links":{"self":[{"href":"https:\/\/onecar.es\/ofertas\/wp-json\/wp\/v2\/pages\/709","targetHints":{"allow":["GET"]}}],"collection":[{"href":"https:\/\/onecar.es\/ofertas\/wp-json\/wp\/v2\/pages"}],"about":[{"href":"https:\/\/onecar.es\/ofertas\/wp-json\/wp\/v2\/types\/page"}],"author":[{"embeddable":true,"href":"https:\/\/onecar.es\/ofertas\/wp-json\/wp\/v2\/users\/2"}],"replies":[{"embeddable":true,"href":"https:\/\/onecar.es\/ofertas\/wp-json\/wp\/v2\/comments?post=709"}],"version-history":[{"count":7,"href":"https:\/\/onecar.es\/ofertas\/wp-json\/wp\/v2\/pages\/709\/revisions"}],"predecessor-version":[{"id":723,"href":"https:\/\/onecar.es\/ofertas\/wp-json\/wp\/v2\/pages\/709\/revisions\/723"}],"wp:attachment":[{"href":"https:\/\/onecar.es\/ofertas\/wp-json\/wp\/v2\/media?parent=709"}],"curies":[{"name":"wp","href":"https:\/\/api.w.org\/{rel}","templated":true}]}}